{"id":22282,"date":"2026-01-06T09:33:32","date_gmt":"2026-01-06T09:33:32","guid":{"rendered":"https:\/\/visceragroupe.com\/?page_id=22282"},"modified":"2026-01-06T09:59:07","modified_gmt":"2026-01-06T09:59:07","slug":"t-shirts","status":"publish","type":"page","link":"https:\/\/visceragroupe.com\/vi\/t-shirts\/","title":{"rendered":"T-shirts"},"content":{"rendered":"<div data-elementor-type=\"wp-page\" data-elementor-id=\"22282\" class=\"elementor elementor-22282\" data-elementor-post-type=\"page\">\n\t\t\t\t<div class=\"elementor-element elementor-element-0d32813 e-con-full e-flex wpr-particle-no wpr-jarallax-no wpr-parallax-no wpr-sticky-section-no wpr-equal-height-no e-con e-parent\" data-id=\"0d32813\" data-element_type=\"container\" data-e-type=\"container\">\n\t\t\t\t<div class=\"elementor-element elementor-element-3c688d0 elementor-widget elementor-widget-heading\" data-id=\"3c688d0\" data-element_type=\"widget\" data-e-type=\"widget\" data-widget_type=\"heading.default\">\n\t\t\t\t<div class=\"elementor-widget-container\">\n\t\t\t\t\t<h2 class=\"elementor-heading-title elementor-size-default\">T-shirts<\/h2>\t\t\t\t<\/div>\n\t\t\t\t<\/div>\n\t\t\t\t<\/div>\n\t\t<div class=\"elementor-element elementor-element-c415ad7 e-con-full e-flex wpr-particle-no wpr-jarallax-no wpr-parallax-no wpr-sticky-section-no wpr-equal-height-no e-con e-parent\" data-id=\"c415ad7\" data-element_type=\"container\" data-e-type=\"container\">\n\t\t\t\t<div class=\"elementor-element elementor-element-4b46d99 elementor-widget elementor-widget-shortcode\" data-id=\"4b46d99\" data-element_type=\"widget\" data-e-type=\"widget\" data-widget_type=\"shortcode.default\">\n\t\t\t\t<div class=\"elementor-widget-container\">\n\t\t\t\t\t\t\t<div class=\"elementor-shortcode\">\n<div class=\"woocommerce columns-4\"><div class=\"woocommerce-notices-wrapper\"><\/div>    <div class=\"custom-toolbar-ui-v3\" style=\"display: flex; justify-content: space-between; align-items: center; margin-bottom: 10px;\">\n        <!-- SORT toggle -->\n        <div id=\"sort-toggle\" style=\"display: flex; align-items: center; cursor: pointer;\">\n            <span style=\"display: inline-flex; align-items: center; margin-right: 6px;\">\n                <svg width=\"18\" height=\"18\" viewbox=\"0 0 24 24\" fill=\"none\" stroke=\"black\" stroke-width=\"2\" stroke-linecap=\"round\" stroke-linejoin=\"round\">\n                    <line x1=\"3\" y1=\"6\" x2=\"21\" y2=\"6\" \/>\n                    <line x1=\"3\" y1=\"12\" x2=\"15\" y2=\"12\" \/>\n                    <line x1=\"3\" y1=\"18\" x2=\"9\" y2=\"18\" \/>\n                    <circle cx=\"21\" cy=\"6\" r=\"2\" \/>\n                    <circle cx=\"15\" cy=\"12\" r=\"2\" \/>\n                    <circle cx=\"9\" cy=\"18\" r=\"2\" \/>\n                <\/svg>\n            <\/span>\n            <span style=\"font-family: 'Archivo', sans-serif; font-weight: 400;\">SORT<\/span>\n        <\/div>\n\n        <!-- ITEMS -->\n        <div class=\"custom-items-count\" style=\"font-family: 'Archivo', sans-serif; font-weight: 400;\">\n            2 ITEMS\n        <\/div>\n    <\/div>\n\n    <!-- Sort Options -->\n    <div id=\"sort-options\" style=\"display: none; margin-bottom: 20px; font-family: 'Archivo', sans-serif; font-weight: 400;\">\n        <div style=\"margin: 4px 0;\"><a href=\"\/vi\/wp-json\/wp\/v2\/pages\/22282?orderby=menu_order\" style=\"text-decoration: none; color: #000;\" data-no-translation=\"\" data-trp-gettext=\"\">Th\u1ee9 t\u1ef1 m\u1eb7c \u0111\u1ecbnh<\/a><\/div><div style=\"margin: 4px 0;\"><a href=\"\/vi\/wp-json\/wp\/v2\/pages\/22282?orderby=popularity\" style=\"text-decoration: none; color: #000;\" data-no-translation=\"\" data-trp-gettext=\"\">Th\u1ee9 t\u1ef1 theo m\u1ee9c \u0111\u1ed9 ph\u1ed5 bi\u1ebfn<\/a><\/div><div style=\"margin: 4px 0;\"><a href=\"\/vi\/wp-json\/wp\/v2\/pages\/22282?orderby=rating\" style=\"text-decoration: none; color: #000;\" data-no-translation=\"\" data-trp-gettext=\"\">Th\u1ee9 t\u1ef1 theo \u0111i\u1ec3m \u0111\u00e1nh gi\u00e1<\/a><\/div><div style=\"margin: 4px 0;\"><a href=\"\/vi\/wp-json\/wp\/v2\/pages\/22282?orderby=date\" style=\"text-decoration: none; color: #000;\" data-no-translation=\"\" data-trp-gettext=\"\">M\u1edbi nh\u1ea5t<\/a><\/div><div style=\"margin: 4px 0;\"><a href=\"\/vi\/wp-json\/wp\/v2\/pages\/22282?orderby=price\" style=\"text-decoration: none; color: #000;\" data-no-translation=\"\" data-trp-gettext=\"\">Th\u1ee9 t\u1ef1 theo gi\u00e1: th\u1ea5p \u0111\u1ebfn cao<\/a><\/div><div style=\"margin: 4px 0;\"><a href=\"\/vi\/wp-json\/wp\/v2\/pages\/22282?orderby=price-desc\" style=\"text-decoration: none; color: #000;\" data-no-translation=\"\" data-trp-gettext=\"\">Th\u1ee9 t\u1ef1 theo gi\u00e1: cao xu\u1ed1ng th\u1ea5p<\/a><\/div>    <\/div>\n\n    <style>\n        .custom-toolbar-ui-v3 {\n            padding-left: 30px;\n            padding-right: 30px;\n        }\n        @media (max-width: 767px) {\n            .custom-toolbar-ui-v3 {\n                padding-left: 10px;\n                padding-right: 10px;\n            }\n        }\n        .custom-toolbar-ui-v3 span,\n        .custom-items-count,\n        #sort-options {\n            font-family: 'Archivo', sans-serif;\n            font-weight: 400;\n            font-size: 12px;\n        }\n        @media (max-width: 767px) {\n            .custom-toolbar-ui-v3 span,\n            .custom-items-count,\n            #sort-options {\n                font-size: 10px;\n            }\n        }\n        .woof_products_top_panel {\n            display: none !important;\n        }\n    <\/style>\n\n    <script>\n        document.addEventListener('DOMContentLoaded', function () {\n            const toggle = document.getElementById('sort-toggle');\n            const options = document.getElementById('sort-options');\n            toggle.addEventListener('click', function () {\n                options.style.display = options.style.display === 'none' ? 'block' : 'none';\n            });\n        });\n    <\/script>\n    <ul class=\"products columns-4\">\n<li class=\"product type-product post-21394 status-publish first outofstock product_cat-t-shirt product_cat-top taxable shipping-taxable purchasable product-type-variable has-default-attributes\">\n\t<a href=\"https:\/\/visceragroupe.com\/vi\/san-pham\/realm-of-raglan-layered-tee\/\" class=\"woocommerce-LoopProduct-link woocommerce-loop-product__link\"><img fetchpriority=\"high\" decoding=\"async\" width=\"1200\" height=\"1200\" src=\"https:\/\/visceragroupe.com\/wp-content\/uploads\/woocommerce-placeholder.webp\" class=\"woocommerce-placeholder wp-post-image\" alt=\"N\u01a1i nh\u1eadp d\u1eef li\u1ec7u\" srcset=\"https:\/\/visceragroupe.com\/wp-content\/uploads\/woocommerce-placeholder.webp 1200w, https:\/\/visceragroupe.com\/wp-content\/uploads\/woocommerce-placeholder-300x300.webp 300w, https:\/\/visceragroupe.com\/wp-content\/uploads\/woocommerce-placeholder-1024x1024.webp 1024w, https:\/\/visceragroupe.com\/wp-content\/uploads\/woocommerce-placeholder-150x150.webp 150w, https:\/\/visceragroupe.com\/wp-content\/uploads\/woocommerce-placeholder-768x768.webp 768w, https:\/\/visceragroupe.com\/wp-content\/uploads\/woocommerce-placeholder-12x12.webp 12w\" sizes=\"(max-width: 1200px) 100vw, 1200px\" data-no-translation-alt=\"\" \/><h2 class=\"woocommerce-loop-product__title\">RAGLAN LAYERED TEE<\/h2>\n\t<span class=\"price\"><span class=\"wcpbc-price wcpbc-price-21394\" data-product-id=\"21394\"><span class=\"woocommerce-Price-amount amount\"><bdi>480,000&nbsp;<span class=\"woocommerce-Price-currencySymbol\">&#8363;<\/span><\/bdi><\/span><\/span><\/span>\n<\/a><a href=\"https:\/\/visceragroupe.com\/vi\/san-pham\/realm-of-raglan-layered-tee\/\" aria-describedby=\"woocommerce_loop_add_to_cart_link_describedby_21394\" data-quantity=\"1\" class=\"button product_type_variable cfvsw_ajax_add_to_cart\" data-product_id=\"21394\" data-product_sku=\"\" aria-label=\"L\u1ef1a ch\u1ecdn cho \u201cRAGLAN LAYERED TEE\u201d\" rel=\"nofollow\" data-add_to_cart_text=\"Add to Cart\" data-select_options_text=\"L\u1ef1a ch\u1ecdn t\u00f9y ch\u1ecdn\" data-no-translation=\"\" data-trp-gettext=\"\" data-no-translation-aria-label=\"\" data-no-translation-data-select_options_text=\"\">L\u1ef1a ch\u1ecdn t\u00f9y ch\u1ecdn<\/a>\t<span id=\"woocommerce_loop_add_to_cart_link_describedby_21394\" class=\"screen-reader-text\">\n\t\tS\u1ea3n ph\u1ea9m n\u00e0y c\u00f3 nhi\u1ec1u bi\u1ebfn th\u1ec3. C\u00e1c t\u00f9y ch\u1ecdn c\u00f3 th\u1ec3 \u0111\u01b0\u1ee3c ch\u1ecdn tr\u00ean trang s\u1ea3n ph\u1ea9m\t<\/span>\n<\/li>\n<li class=\"product type-product post-21371 status-publish instock product_cat-t-shirt product_cat-top taxable shipping-taxable purchasable product-type-variable\">\n\t<a href=\"https:\/\/visceragroupe.com\/vi\/san-pham\/realm-of-map-tee-black-white\/\" class=\"woocommerce-LoopProduct-link woocommerce-loop-product__link\"><img fetchpriority=\"high\" decoding=\"async\" width=\"1200\" height=\"1200\" src=\"https:\/\/visceragroupe.com\/wp-content\/uploads\/woocommerce-placeholder.webp\" class=\"woocommerce-placeholder wp-post-image\" alt=\"N\u01a1i nh\u1eadp d\u1eef li\u1ec7u\" srcset=\"https:\/\/visceragroupe.com\/wp-content\/uploads\/woocommerce-placeholder.webp 1200w, https:\/\/visceragroupe.com\/wp-content\/uploads\/woocommerce-placeholder-300x300.webp 300w, https:\/\/visceragroupe.com\/wp-content\/uploads\/woocommerce-placeholder-1024x1024.webp 1024w, https:\/\/visceragroupe.com\/wp-content\/uploads\/woocommerce-placeholder-150x150.webp 150w, https:\/\/visceragroupe.com\/wp-content\/uploads\/woocommerce-placeholder-768x768.webp 768w, https:\/\/visceragroupe.com\/wp-content\/uploads\/woocommerce-placeholder-12x12.webp 12w\" sizes=\"(max-width: 1200px) 100vw, 1200px\" data-no-translation-alt=\"\" \/><h2 class=\"woocommerce-loop-product__title\">REALM OF MAP TEE<\/h2>\n\t<span class=\"price\"><span class=\"wcpbc-price wcpbc-price-21371\" data-product-id=\"21371\"><span class=\"woocommerce-Price-amount amount\" aria-hidden=\"true\"><bdi>390,000&nbsp;<span class=\"woocommerce-Price-currencySymbol\">&#8363;<\/span><\/bdi><\/span> <span aria-hidden=\"true\">&ndash;<\/span> <span class=\"woocommerce-Price-amount amount\" aria-hidden=\"true\"><bdi>430,000&nbsp;<span class=\"woocommerce-Price-currencySymbol\">&#8363;<\/span><\/bdi><\/span><span class=\"screen-reader-text\" data-no-translation=\"\" data-trp-gettext=\"\">Kho\u1ea3ng gi\u00e1: t\u1eeb 390,000&nbsp;&#8363; \u0111\u1ebfn 430,000&nbsp;&#8363;<\/span><\/span><\/span>\n<span class=\"dalya-overlay-gallery-data shop-overlay-gallery-data\" data-product-id=\"21371\" data-images=\"[&quot;https:\\\/\\\/visceragroupe.com\\\/wp-content\\\/uploads\\\/2025\\\/12\\\/upload_5243307d0b8c478cb3508754db8ac23f.jpg&quot;,&quot;https:\\\/\\\/visceragroupe.com\\\/wp-content\\\/uploads\\\/2025\\\/12\\\/upload_23e993b9f1bd4f44b893bd37acdf4bbb.jpg&quot;]\" style=\"display:none !important;\"><\/span><\/a><a href=\"https:\/\/visceragroupe.com\/vi\/san-pham\/realm-of-map-tee-black-white\/\" aria-describedby=\"woocommerce_loop_add_to_cart_link_describedby_21371\" data-quantity=\"1\" class=\"button product_type_variable add_to_cart_button cfvsw_ajax_add_to_cart\" data-product_id=\"21371\" data-product_sku=\"\" aria-label=\"L\u1ef1a ch\u1ecdn cho \u201cREALM OF MAP TEE\u201d\" rel=\"nofollow\" data-add_to_cart_text=\"Add to Cart\" data-select_options_text=\"L\u1ef1a ch\u1ecdn t\u00f9y ch\u1ecdn\" data-no-translation=\"\" data-trp-gettext=\"\" data-no-translation-aria-label=\"\" data-no-translation-data-select_options_text=\"\">L\u1ef1a ch\u1ecdn t\u00f9y ch\u1ecdn<\/a>\t<span id=\"woocommerce_loop_add_to_cart_link_describedby_21371\" class=\"screen-reader-text\">\n\t\tS\u1ea3n ph\u1ea9m n\u00e0y c\u00f3 nhi\u1ec1u bi\u1ebfn th\u1ec3. C\u00e1c t\u00f9y ch\u1ecdn c\u00f3 th\u1ec3 \u0111\u01b0\u1ee3c ch\u1ecdn tr\u00ean trang s\u1ea3n ph\u1ea9m\t<\/span>\n<\/li>\n<\/ul>\n<\/div>\n<\/div>\n\t\t\t\t\t\t<\/div>\n\t\t\t\t<\/div>\n\t\t\t\t<\/div>\n\t\t\t\t<\/div>","protected":false},"excerpt":{"rendered":"<p>T-shirts<\/p>","protected":false},"author":1,"featured_media":0,"parent":0,"menu_order":0,"comment_status":"closed","ping_status":"closed","template":"elementor_canvas","meta":{"_acf_changed":false,"footnotes":""},"class_list":["post-22282","page","type-page","status-publish","hentry"],"acf":[],"_hostinger_reach_plugin_has_subscription_block":false,"_hostinger_reach_plugin_is_elementor":false,"_links":{"self":[{"href":"https:\/\/visceragroupe.com\/vi\/wp-json\/wp\/v2\/pages\/22282","targetHints":{"allow":["GET"]}}],"collection":[{"href":"https:\/\/visceragroupe.com\/vi\/wp-json\/wp\/v2\/pages"}],"about":[{"href":"https:\/\/visceragroupe.com\/vi\/wp-json\/wp\/v2\/types\/page"}],"author":[{"embeddable":true,"href":"https:\/\/visceragroupe.com\/vi\/wp-json\/wp\/v2\/users\/1"}],"replies":[{"embeddable":true,"href":"https:\/\/visceragroupe.com\/vi\/wp-json\/wp\/v2\/comments?post=22282"}],"version-history":[{"count":14,"href":"https:\/\/visceragroupe.com\/vi\/wp-json\/wp\/v2\/pages\/22282\/revisions"}],"predecessor-version":[{"id":22381,"href":"https:\/\/visceragroupe.com\/vi\/wp-json\/wp\/v2\/pages\/22282\/revisions\/22381"}],"wp:attachment":[{"href":"https:\/\/visceragroupe.com\/vi\/wp-json\/wp\/v2\/media?parent=22282"}],"curies":[{"name":"wp","href":"https:\/\/api.w.org\/{rel}","templated":true}]}}